{"id":2321,"date":"2024-07-18T12:00:22","date_gmt":"2024-07-18T10:00:22","guid":{"rendered":"https:\/\/fundaciondeporte-62tr0bg5uh.live-website.com\/?page_id=2321"},"modified":"2024-09-18T12:53:40","modified_gmt":"2024-09-18T10:53:40","slug":"grazas-por-rexistrarte","status":"publish","type":"page","link":"https:\/\/fundaciondeportegalego.es\/gl\/grazas-por-rexistrarte\/","title":{"rendered":"Grazas por rexistrarte"},"content":{"rendered":"\t\t<div data-elementor-type=\"wp-page\" data-elementor-id=\"2321\" class=\"elementor elementor-2321\" data-elementor-post-type=\"page\">\n\t\t\t\t<div class=\"elementor-element elementor-element-b28bc52 xunta-header e-con-full e-flex e-con e-parent\" data-id=\"b28bc52\" data-element_type=\"container\" data-e-type=\"container\" data-settings=\"{&quot;background_background&quot;:&quot;classic&quot;}\">\n\t\t<div class=\"elementor-element elementor-element-f6016fd e-con-full xunta-header-background e-flex e-con e-child\" data-id=\"f6016fd\" data-element_type=\"container\" data-e-type=\"container\" data-settings=\"{&quot;background_background&quot;:&quot;classic&quot;}\">\n\t\t\t\t<div class=\"elementor-element elementor-element-16f31dd elementor-widget-mobile__width-initial elementor-widget elementor-widget-heading\" data-id=\"16f31dd\" data-element_type=\"widget\" data-e-type=\"widget\" data-widget_type=\"heading.default\">\n\t\t\t\t<div class=\"elementor-widget-container\">\n\t\t\t\t\t<h2 class=\"elementor-heading-title elementor-size-default\">Grazas por rexistrarte na nosa plataforma!<\/h2>\t\t\t\t<\/div>\n\t\t\t\t<\/div>\n\t\t\t\t<\/div>\n\t\t\t\t<\/div>\n\t\t<div class=\"elementor-element elementor-element-6518b9d e-flex e-con-boxed e-con e-parent\" data-id=\"6518b9d\" data-element_type=\"container\" data-e-type=\"container\">\n\t\t\t\t\t<div class=\"e-con-inner\">\n\t\t<div class=\"elementor-element elementor-element-1d2a191 e-con-full e-flex e-con e-child\" data-id=\"1d2a191\" data-element_type=\"container\" data-e-type=\"container\">\n\t\t\t\t<div class=\"elementor-element elementor-element-023a8df elementor-widget elementor-widget-heading\" data-id=\"023a8df\" data-element_type=\"widget\" data-e-type=\"widget\" data-widget_type=\"heading.default\">\n\t\t\t\t<div class=\"elementor-widget-container\">\n\t\t\t\t\t<p class=\"elementor-heading-title elementor-size-default\">O proceso de rexistro finalizou correctamente.<\/p>\t\t\t\t<\/div>\n\t\t\t\t<\/div>\n\t\t\t\t<div class=\"elementor-element elementor-element-393e595 elementor-widget elementor-widget-heading\" data-id=\"393e595\" data-element_type=\"widget\" data-e-type=\"widget\" data-widget_type=\"heading.default\">\n\t\t\t\t<div class=\"elementor-widget-container\">\n\t\t\t\t\t<p class=\"elementor-heading-title elementor-size-default\"><strong>No caso de que te rexistraras como federado<\/strong>, lembra que deber\u00e1s agardar a que a t\u00faa conta sexa aprobada antes de que poidas iniciar sesi\u00f3n. Recibir\u00e1s un correo electr\u00f3nico de confirmaci\u00f3n unha vez que a t\u00faa conta estea activada.<\/p>\t\t\t\t<\/div>\n\t\t\t\t<\/div>\n\t\t\t\t<div class=\"elementor-element elementor-element-0f8d42b elementor-widget elementor-widget-text-editor\" data-id=\"0f8d42b\" data-element_type=\"widget\" data-e-type=\"widget\" data-widget_type=\"text-editor.default\">\n\t\t\t\t<div class=\"elementor-widget-container\">\n\t\t\t\t\t\t\t\t\t<p>En caso contrario, podes acceder \u00e1 t\u00faa conta inmediatamente utilizando o bot\u00f3n no men\u00fa ou facendo clic <a href=\"https:\/\/fundaciondeporte-62tr0bg5uh.live-website.com\/a-mina-conta\/\" rel=\"noopener\">aqu\u00ed<\/a>.<\/p>\t\t\t\t\t\t\t\t<\/div>\n\t\t\t\t<\/div>\n\t\t\t\t<div class=\"elementor-element elementor-element-e070a66 elementor-widget elementor-widget-heading\" data-id=\"e070a66\" data-element_type=\"widget\" data-e-type=\"widget\" data-widget_type=\"heading.default\">\n\t\t\t\t<div class=\"elementor-widget-container\">\n\t\t\t\t\t<p class=\"elementor-heading-title elementor-size-default\">Se tes algunha d\u00fabida ou neces\u00edtas asistencia, non dubides en contactar connosco.<\/p>\t\t\t\t<\/div>\n\t\t\t\t<\/div>\n\t\t\t\t<\/div>\n\t\t\t\t\t<\/div>\n\t\t\t\t<\/div>\n\t\t\t\t<\/div>\n\t\t","protected":false},"excerpt":{"rendered":"<p>Grazas por rexistrarte na nosa plataforma! O proceso de rexistro finalizou correctamente. No caso de que te rexistraras como federado, lembra que deber\u00e1s agardar a que a t\u00faa conta sexa aprobada antes de que poidas iniciar sesi\u00f3n. Recibir\u00e1s un correo electr\u00f3nico de confirmaci\u00f3n unha vez que a t\u00faa conta estea activada. En caso contrario, podes &#8230; <a title=\"Grazas por rexistrarte\" class=\"read-more\" href=\"https:\/\/fundaciondeportegalego.es\/gl\/grazas-por-rexistrarte\/\" aria-label=\"Le m\u00e1is sobre Grazas por rexistrarte\">Ler m\u00e1is<\/a><\/p>\n","protected":false},"author":5,"featured_media":0,"parent":0,"menu_order":0,"comment_status":"closed","ping_status":"closed","template":"elementor_header_footer","meta":{"_acf_changed":false,"footnotes":""},"class_list":["post-2321","page","type-page","status-publish"],"acf":[],"_links":{"self":[{"href":"https:\/\/fundaciondeportegalego.es\/gl\/wp-json\/wp\/v2\/pages\/2321","targetHints":{"allow":["GET"]}}],"collection":[{"href":"https:\/\/fundaciondeportegalego.es\/gl\/wp-json\/wp\/v2\/pages"}],"about":[{"href":"https:\/\/fundaciondeportegalego.es\/gl\/wp-json\/wp\/v2\/types\/page"}],"author":[{"embeddable":true,"href":"https:\/\/fundaciondeportegalego.es\/gl\/wp-json\/wp\/v2\/users\/5"}],"replies":[{"embeddable":true,"href":"https:\/\/fundaciondeportegalego.es\/gl\/wp-json\/wp\/v2\/comments?post=2321"}],"version-history":[{"count":0,"href":"https:\/\/fundaciondeportegalego.es\/gl\/wp-json\/wp\/v2\/pages\/2321\/revisions"}],"wp:attachment":[{"href":"https:\/\/fundaciondeportegalego.es\/gl\/wp-json\/wp\/v2\/media?parent=2321"}],"curies":[{"name":"wp","href":"https:\/\/api.w.org\/{rel}","templated":true}]}}