{"id":101,"date":"2023-12-21T12:30:08","date_gmt":"2023-12-21T11:30:08","guid":{"rendered":"https:\/\/deportegalego.webenconstruccion.com\/?page_id=101"},"modified":"2024-09-24T08:03:42","modified_gmt":"2024-09-24T06:03:42","slug":"normativa-e-procedemento-de-reserva","status":"publish","type":"page","link":"https:\/\/fundaciondeportegalego.es\/gl\/normativa-e-procedemento-de-reserva\/","title":{"rendered":"Normativa e procedemento de reserva"},"content":{"rendered":"\t\t<div data-elementor-type=\"wp-page\" data-elementor-id=\"101\" class=\"elementor elementor-101\" data-elementor-post-type=\"page\">\n\t\t\t\t<div class=\"elementor-element elementor-element-b28bc52 xunta-header e-con-full e-flex e-con e-parent\" data-id=\"b28bc52\" data-element_type=\"container\" data-e-type=\"container\" data-settings=\"{&quot;background_background&quot;:&quot;classic&quot;}\">\n\t\t<div class=\"elementor-element elementor-element-f6016fd e-con-full xunta-header-background e-flex e-con e-child\" data-id=\"f6016fd\" data-element_type=\"container\" data-e-type=\"container\" data-settings=\"{&quot;background_background&quot;:&quot;classic&quot;}\">\n\t\t\t\t<div class=\"elementor-element elementor-element-16f31dd elementor-widget-mobile__width-initial elementor-widget elementor-widget-heading\" data-id=\"16f31dd\" data-element_type=\"widget\" data-e-type=\"widget\" data-widget_type=\"heading.default\">\n\t\t\t\t<div class=\"elementor-widget-container\">\n\t\t\t\t\t<h2 class=\"elementor-heading-title elementor-size-default\">Normativa e procedemento de reserva\n<\/h2>\t\t\t\t<\/div>\n\t\t\t\t<\/div>\n\t\t\t\t<\/div>\n\t\t\t\t<\/div>\n\t\t<div class=\"elementor-element elementor-element-6518b9d e-flex e-con-boxed e-con e-parent\" data-id=\"6518b9d\" data-element_type=\"container\" data-e-type=\"container\">\n\t\t\t\t\t<div class=\"e-con-inner\">\n\t\t<div class=\"elementor-element elementor-element-de930b9 e-flex e-con-boxed e-con e-child\" data-id=\"de930b9\" data-element_type=\"container\" data-e-type=\"container\" data-settings=\"{&quot;background_background&quot;:&quot;classic&quot;}\">\n\t\t\t\t\t<div class=\"e-con-inner\">\n\t\t<div class=\"elementor-element elementor-element-e99dc6f e-con-full e-flex e-con e-child\" data-id=\"e99dc6f\" data-element_type=\"container\" data-e-type=\"container\">\n\t\t\t\t<div class=\"elementor-element elementor-element-9a899b9 elementor-widget elementor-widget-heading\" data-id=\"9a899b9\" data-element_type=\"widget\" data-e-type=\"widget\" data-widget_type=\"heading.default\">\n\t\t\t\t<div class=\"elementor-widget-container\">\n\t\t\t\t\t<p class=\"elementor-heading-title elementor-size-default\">Normativa de uso 4 pavill\u00f3ns FDG A Coru\u00f1a<\/p>\t\t\t\t<\/div>\n\t\t\t\t<\/div>\n\t\t\t\t<\/div>\n\t\t<div class=\"elementor-element elementor-element-801c5e1 e-con-full e-flex e-con e-child\" data-id=\"801c5e1\" data-element_type=\"container\" data-e-type=\"container\">\n\t\t\t\t<div class=\"elementor-element elementor-element-02c237f elementor-align-right elementor-mobile-align-center elementor-widget elementor-widget-button\" data-id=\"02c237f\" data-element_type=\"widget\" data-e-type=\"widget\" data-widget_type=\"button.default\">\n\t\t\t\t<div class=\"elementor-widget-container\">\n\t\t\t\t\t\t\t\t\t<div class=\"elementor-button-wrapper\">\n\t\t\t\t\t<a class=\"elementor-button elementor-button-link elementor-size-sm\" href=\"https:\/\/fundaciondeporte-62tr0bg5uh.live-website.com\/wp-content\/uploads\/2024\/09\/Normativa-uso-instalacions-FDG-2024.pdf\" target=\"_blank\">\n\t\t\t\t\t\t<span class=\"elementor-button-content-wrapper\">\n\t\t\t\t\t\t\t\t\t<span class=\"elementor-button-text\">Descargar documento<\/span>\n\t\t\t\t\t<\/span>\n\t\t\t\t\t<\/a>\n\t\t\t\t<\/div>\n\t\t\t\t\t\t\t\t<\/div>\n\t\t\t\t<\/div>\n\t\t\t\t<\/div>\n\t\t\t\t\t<\/div>\n\t\t\t\t<\/div>\n\t\t<div class=\"elementor-element elementor-element-719c7b1 e-flex e-con-boxed e-con e-child\" data-id=\"719c7b1\" data-element_type=\"container\" data-e-type=\"container\" data-settings=\"{&quot;background_background&quot;:&quot;classic&quot;}\">\n\t\t\t\t\t<div class=\"e-con-inner\">\n\t\t<div class=\"elementor-element elementor-element-e84a6a6 e-con-full e-flex e-con e-child\" data-id=\"e84a6a6\" data-element_type=\"container\" data-e-type=\"container\">\n\t\t\t\t<div class=\"elementor-element elementor-element-1925470 elementor-widget elementor-widget-heading\" data-id=\"1925470\" data-element_type=\"widget\" data-e-type=\"widget\" data-widget_type=\"heading.default\">\n\t\t\t\t<div class=\"elementor-widget-container\">\n\t\t\t\t\t<p class=\"elementor-heading-title elementor-size-default\">Procedemento reservas 4 pavill\u00f3ns FDG A Coru\u00f1a<\/p>\t\t\t\t<\/div>\n\t\t\t\t<\/div>\n\t\t\t\t<\/div>\n\t\t<div class=\"elementor-element elementor-element-08f5b5f e-con-full e-flex e-con e-child\" data-id=\"08f5b5f\" data-element_type=\"container\" data-e-type=\"container\">\n\t\t\t\t<div class=\"elementor-element elementor-element-1370b00 elementor-align-right elementor-mobile-align-center elementor-widget elementor-widget-button\" data-id=\"1370b00\" data-element_type=\"widget\" data-e-type=\"widget\" data-widget_type=\"button.default\">\n\t\t\t\t<div class=\"elementor-widget-container\">\n\t\t\t\t\t\t\t\t\t<div class=\"elementor-button-wrapper\">\n\t\t\t\t\t<a class=\"elementor-button elementor-button-link elementor-size-sm\" href=\"https:\/\/fundaciondeporte-62tr0bg5uh.live-website.com\/wp-content\/uploads\/2024\/02\/Procedemento-reservas-4-pavillons-FDG-A-Coruna.pdf\" target=\"_blank\">\n\t\t\t\t\t\t<span class=\"elementor-button-content-wrapper\">\n\t\t\t\t\t\t\t\t\t<span class=\"elementor-button-text\">Descargar documento<\/span>\n\t\t\t\t\t<\/span>\n\t\t\t\t\t<\/a>\n\t\t\t\t<\/div>\n\t\t\t\t\t\t\t\t<\/div>\n\t\t\t\t<\/div>\n\t\t\t\t<\/div>\n\t\t\t\t\t<\/div>\n\t\t\t\t<\/div>\n\t\t\t\t\t<\/div>\n\t\t\t\t<\/div>\n\t\t\t\t<\/div>\n\t\t","protected":false},"excerpt":{"rendered":"<p>Normativa e procedemento de reserva Normativa de uso 4 pavill\u00f3ns FDG A Coru\u00f1a Descargar documento Procedemento reservas 4 pavill\u00f3ns FDG A Coru\u00f1a Descargar documento<\/p>\n","protected":false},"author":5,"featured_media":0,"parent":0,"menu_order":0,"comment_status":"closed","ping_status":"closed","template":"elementor_header_footer","meta":{"_acf_changed":false,"footnotes":""},"class_list":["post-101","page","type-page","status-publish"],"acf":[],"_links":{"self":[{"href":"https:\/\/fundaciondeportegalego.es\/gl\/wp-json\/wp\/v2\/pages\/101","targetHints":{"allow":["GET"]}}],"collection":[{"href":"https:\/\/fundaciondeportegalego.es\/gl\/wp-json\/wp\/v2\/pages"}],"about":[{"href":"https:\/\/fundaciondeportegalego.es\/gl\/wp-json\/wp\/v2\/types\/page"}],"author":[{"embeddable":true,"href":"https:\/\/fundaciondeportegalego.es\/gl\/wp-json\/wp\/v2\/users\/5"}],"replies":[{"embeddable":true,"href":"https:\/\/fundaciondeportegalego.es\/gl\/wp-json\/wp\/v2\/comments?post=101"}],"version-history":[{"count":0,"href":"https:\/\/fundaciondeportegalego.es\/gl\/wp-json\/wp\/v2\/pages\/101\/revisions"}],"wp:attachment":[{"href":"https:\/\/fundaciondeportegalego.es\/gl\/wp-json\/wp\/v2\/media?parent=101"}],"curies":[{"name":"wp","href":"https:\/\/api.w.org\/{rel}","templated":true}]}}